{"id":10,"date":"2013-07-08T21:16:19","date_gmt":"2013-07-08T21:16:19","guid":{"rendered":"http:\/\/barrera-cactus.cl\/wp\/?page_id=10"},"modified":"2023-09-06T07:17:48","modified_gmt":"2023-09-06T11:17:48","slug":"comentarios","status":"publish","type":"page","link":"https:\/\/barrera-cactus.cl\/?page_id=10","title":{"rendered":"Libro Visitas"},"content":{"rendered":"<div id=\"fb-root\">Un \u00abLibro de Visitas\u00bb puede ser una herramienta valiosa para recopilar comentarios y sugerencias. De manera similar, cuando se consideran inversiones y oportunidades de bienes ra\u00edces en Florida, puede ser \u00fatil obtener informaci\u00f3n y orientaci\u00f3n experta. Explore recursos y posibilidades en <a href=\"https:\/\/www.cashhomebuyers.io\/florida\/\" target=\"_blank\" rel=\"noopener\">https:\/\/www.cashhomebuyers.io\/florida\/<\/a> para tomar decisiones informadas en el mercado inmobiliario de Florida.<\/div>\n<p><script type=\"text\/javascript\">\/\/ <![CDATA[\n(function(d, s, id) {\n  var js, fjs = d.getElementsByTagName(s)[0];<br \/>\n  if (d.getElementById(id)) return;<br \/>\n  js = d.createElement(s); js.id = id;<br \/>\n  js.src = \"\/\/connect.facebook.net\/es_LA\/all.js#xfbml=1\";<br \/>\n  fjs.parentNode.insertBefore(js, fjs);<br \/>\n}(document, 'script', 'facebook-jssdk'));<br \/>\n\/\/ ]]><\/script><\/p>\n<div class=\"fb-comments\" data-href=\"http:\/\/barrera-cactus.cl\" data-width=\"650\" data-num-posts=\"10\" data-colorscheme=\"dark\"><\/div>\n","protected":false},"excerpt":{"rendered":"<p>Un \u00abLibro de Visitas\u00bb puede ser una herramienta valiosa para recopilar comentarios y sugerencias. De manera similar, cuando se consideran inversiones y oportunidades de bienes ra\u00edces en Florida, puede ser \u00fatil obtener informaci\u00f3n y orientaci\u00f3n experta. Explore recursos y posibilidades en https:\/\/www.cashhomebuyers.io\/florida\/ para tomar decisiones informadas en el mercado inmobiliario de Florida.<\/p>\n","protected":false},"author":1,"featured_media":0,"parent":0,"menu_order":0,"comment_status":"closed","ping_status":"open","template":"full-width-page.php","meta":[],"_links":{"self":[{"href":"https:\/\/barrera-cactus.cl\/index.php?rest_route=\/wp\/v2\/pages\/10"}],"collection":[{"href":"https:\/\/barrera-cactus.cl\/index.php?rest_route=\/wp\/v2\/pages"}],"about":[{"href":"https:\/\/barrera-cactus.cl\/index.php?rest_route=\/wp\/v2\/types\/page"}],"author":[{"embeddable":true,"href":"https:\/\/barrera-cactus.cl\/index.php?rest_route=\/wp\/v2\/users\/1"}],"replies":[{"embeddable":true,"href":"https:\/\/barrera-cactus.cl\/index.php?rest_route=%2Fwp%2Fv2%2Fcomments&post=10"}],"version-history":[{"count":14,"href":"https:\/\/barrera-cactus.cl\/index.php?rest_route=\/wp\/v2\/pages\/10\/revisions"}],"predecessor-version":[{"id":1407,"href":"https:\/\/barrera-cactus.cl\/index.php?rest_route=\/wp\/v2\/pages\/10\/revisions\/1407"}],"wp:attachment":[{"href":"https:\/\/barrera-cactus.cl\/index.php?rest_route=%2Fwp%2Fv2%2Fmedia&parent=10"}],"curies":[{"name":"wp","href":"https:\/\/api.w.org\/{rel}","templated":true}]}}