{"id":8,"date":"2013-07-08T21:15:35","date_gmt":"2013-07-08T21:15:35","guid":{"rendered":"http:\/\/barrera-cactus.cl\/wp\/?page_id=8"},"modified":"2013-07-14T00:13:14","modified_gmt":"2013-07-14T04:13:14","slug":"resena","status":"publish","type":"page","link":"https:\/\/barrera-cactus.cl\/?page_id=8","title":{"rendered":"Historia"},"content":{"rendered":"<p align=\"justify\">Comenc\u00e9 a coleccionar cactus hace 25 a\u00f1os, en un trabajo de mucha constancia, consiguiendo de especie en especie he logrado tener una colecci\u00f3n bastante completa y conocimientos de estas maravillosas plantas, consiguiendo la reproducci\u00f3n por semillas, esquejes e injertos y tambi\u00e9n aprender sus manejos y cuidados la cual estoy dispuesto a compartir con quienes est\u00e9n reci\u00e9n empezando a coleccionar cactus y suculentas.<\/p>\n<p align=\"justify\">Poseo una colecci\u00f3n de <em><strong>C<\/strong><strong>ristatas<\/strong> <\/em>bastante amplia ya que son una de las mas preferidas junto a <em><strong>Euphorbias<\/strong><\/em>, <em><strong>Astrophytum<\/strong><\/em>, <em><strong>Ariocarpus<\/strong><\/em>, etc.<\/p>\n<p align=\"justify\">Quiero agradecer a mi esposa e hijos por el tiempo quitado y el apoyo brindado en el transcurso de estos a\u00f1os, tambi\u00e9n agradezco a Dn. L. Reyes por su apoyo bibliogr\u00e1fico que han sido de gran aporte en los conocimientos sobre estas plantas.<\/p>\n<p align=\"justify\"><strong>Alexis Barrera N.<\/strong><\/p>\n","protected":false},"excerpt":{"rendered":"<p>Comenc\u00e9 a coleccionar cactus hace 25 a\u00f1os, en un trabajo de mucha constancia, consiguiendo de especie en especie he logrado tener una colecci\u00f3n bastante completa y conocimientos de estas maravillosas plantas, consiguiendo la reproducci\u00f3n por semillas, esquejes e injertos y tambi\u00e9n aprender sus manejos y cuidados la cual estoy dispuesto a compartir con quienes est\u00e9n [&hellip;]<\/p>\n","protected":false},"author":1,"featured_media":0,"parent":0,"menu_order":0,"comment_status":"closed","ping_status":"open","template":"","meta":[],"_links":{"self":[{"href":"https:\/\/barrera-cactus.cl\/index.php?rest_route=\/wp\/v2\/pages\/8"}],"collection":[{"href":"https:\/\/barrera-cactus.cl\/index.php?rest_route=\/wp\/v2\/pages"}],"about":[{"href":"https:\/\/barrera-cactus.cl\/index.php?rest_route=\/wp\/v2\/types\/page"}],"author":[{"embeddable":true,"href":"https:\/\/barrera-cactus.cl\/index.php?rest_route=\/wp\/v2\/users\/1"}],"replies":[{"embeddable":true,"href":"https:\/\/barrera-cactus.cl\/index.php?rest_route=%2Fwp%2Fv2%2Fcomments&post=8"}],"version-history":[{"count":6,"href":"https:\/\/barrera-cactus.cl\/index.php?rest_route=\/wp\/v2\/pages\/8\/revisions"}],"predecessor-version":[{"id":70,"href":"https:\/\/barrera-cactus.cl\/index.php?rest_route=\/wp\/v2\/pages\/8\/revisions\/70"}],"wp:attachment":[{"href":"https:\/\/barrera-cactus.cl\/index.php?rest_route=%2Fwp%2Fv2%2Fmedia&parent=8"}],"curies":[{"name":"wp","href":"https:\/\/api.w.org\/{rel}","templated":true}]}}